{"id":34,"date":"2022-03-17T15:03:48","date_gmt":"2022-03-17T14:03:48","guid":{"rendered":"http:\/\/joergelehof.info\/?page_id=34"},"modified":"2026-04-07T15:42:41","modified_gmt":"2026-04-07T13:42:41","slug":"startseite","status":"publish","type":"page","link":"https:\/\/joergelehof.info\/","title":{"rendered":"Herzlich Willkommen &#8230;"},"content":{"rendered":"\n<div class=\"wp-block-cover alignfull is-light has-parallax\" style=\"min-height:522px;aspect-ratio:unset;\"><div class=\"wp-block-cover__image-background wp-image-325 has-parallax\" style=\"background-position:50% 50%;background-image:url(https:\/\/joergelehof.info\/wp-content\/uploads\/2022\/03\/20190629_162039-1-scaled-e1649067845440.jpg)\"><\/div><span aria-hidden=\"true\" class=\"wp-block-cover__background has-ast-global-color-1-background-color has-background-dim-30 has-background-dim\"><\/span><div class=\"wp-block-cover__inner-container is-layout-flow wp-block-cover-is-layout-flow\">\n<div class=\"wp-block-buttons alignwide is-content-justification-center is-layout-flex wp-container-core-buttons-is-layout-16018d1d wp-block-buttons-is-layout-flex\">\n<div class=\"wp-block-button is-style-fill\"><a class=\"wp-block-button__link has-black-color has-text-color has-background wp-element-button\" style=\"border-radius:0px;background-color:#fffbe6\">\u260e +39 348 522 4561<\/a><\/div>\n\n\n\n<div class=\"wp-block-button is-style-fill\"><a class=\"wp-block-button__link has-black-color has-text-color has-background wp-element-button\" href=\"https:\/\/www.google.com\/maps\/place\/J%C3%B6rgelehof\/@46.9243544,11.2805664,16.4z\/data=!4m8!3m7!1s0x479d4c86608190cb:0xa203aa17b6a29c15!5m2!4m1!1i2!8m2!3d46.9238505!4d11.2823763\" style=\"border-radius:0px;background-color:#fffbe6\" target=\"_blank\" rel=\"noreferrer noopener\">\ud83d\udccd So finden Sie uns!<\/a><\/div>\n\n\n\n<div class=\"wp-block-button is-style-fill\"><a class=\"wp-block-button__link has-black-color has-text-color has-background wp-element-button\" href=\"https:\/\/joergelehof.info\/?page_id=124\" style=\"border-radius:0px;background-color:#fffbe6\" target=\"_blank\" rel=\"noreferrer noopener\">\u261b Jetzt anfragen<\/a><\/div>\n<\/div>\n<\/div><\/div>\n\n\n\n<div style=\"height:10px\" aria-hidden=\"true\" class=\"wp-block-spacer\"><\/div>\n\n\n\n<div class=\"wp-block-group alignfull has-ast-global-color-5-background-color has-background\"><div class=\"wp-block-group__inner-container is-layout-flow wp-block-group-is-layout-flow\">\n<div class=\"wp-block-media-text alignwide has-media-on-the-right is-stacked-on-mobile\" style=\"grid-template-columns:auto 53%\"><div class=\"wp-block-media-text__content\">\n<h2 class=\"wp-block-heading\">&#8230; auf dem J\u00f6rgelehof!<\/h2>\n\n\n\n<p>Mit einem S\u00fcdtiroler \u201eGriassti\u201c oder \u201eHoila\u201c hei\u00dfen wir Sie herzlich willkommen auf unserem Bauernhof. Der J\u00f6rgelehof liegt auf 1380m Seeh\u00f6he im wundersch\u00f6nen Ridnauntal am Fu\u00dfe der Stubaier Alpen.<\/p>\n<\/div><figure class=\"wp-block-media-text__media\"><img loading=\"lazy\" decoding=\"async\" width=\"1024\" height=\"576\" src=\"https:\/\/joergelehof.info\/wp-content\/uploads\/2022\/07\/Altes-Haus-scaled-e1658753378813-1024x576.jpg\" alt=\"\" class=\"wp-image-1212 size-full\" srcset=\"https:\/\/joergelehof.info\/wp-content\/uploads\/2022\/07\/Altes-Haus-scaled-e1658753378813-1024x576.jpg 1024w, https:\/\/joergelehof.info\/wp-content\/uploads\/2022\/07\/Altes-Haus-scaled-e1658753378813-300x169.jpg 300w, https:\/\/joergelehof.info\/wp-content\/uploads\/2022\/07\/Altes-Haus-scaled-e1658753378813-768x432.jpg 768w, https:\/\/joergelehof.info\/wp-content\/uploads\/2022\/07\/Altes-Haus-scaled-e1658753378813-1536x864.jpg 1536w, https:\/\/joergelehof.info\/wp-content\/uploads\/2022\/07\/Altes-Haus-scaled-e1658753378813.jpg 1600w\" sizes=\"auto, (max-width: 1024px) 100vw, 1024px\" \/><\/figure><\/div>\n<\/div><\/div>\n\n\n\n<div class=\"wp-block-group alignfull has-ast-global-color-5-background-color has-background\"><div class=\"wp-block-group__inner-container is-layout-flow wp-block-group-is-layout-flow\">\n<div class=\"wp-block-media-text alignwide is-stacked-on-mobile\" style=\"grid-template-columns:43% auto\"><figure class=\"wp-block-media-text__media\"><img loading=\"lazy\" decoding=\"async\" width=\"300\" height=\"225\" src=\"https:\/\/joergelehof.info\/wp-content\/uploads\/2022\/03\/img_3-300x225-1.jpg\" alt=\"\" class=\"wp-image-363 size-full\"\/><\/figure><div class=\"wp-block-media-text__content\">\n<h2 class=\"wp-block-heading\">Das Bauernhaus<\/h2>\n\n\n\n<p>Bereits im 13. Jahrhundert wurde der J\u00f6rgelehof urkundlich erw\u00e4hnt. Das Mauerwerk im Bauernhaus umfasst bis zu 60 cm dicke Mauern. Die Steine daf\u00fcr wurden aus den umliegenden Feldern zusammengetragen. Das Gew\u00f6lbe in der K\u00fcche, Verriegelungsbalken und die alte Speiseglocke zeugen von der Baukunst von vergangenen Jahren. Seit 2008 z\u00e4hlt ein weiteres Geb\u00e4ude zum Hofkomplex, in welchem sich zwei Ferienwohnungen befinden.<\/p>\n<\/div><\/div>\n<\/div><\/div>\n\n\n\n<div class=\"wp-block-group alignfull has-ast-global-color-5-background-color has-background\"><div class=\"wp-block-group__inner-container is-layout-flow wp-block-group-is-layout-flow\">\n<div class=\"wp-block-media-text alignwide has-media-on-the-right is-stacked-on-mobile\" style=\"grid-template-columns:auto 43%\"><div class=\"wp-block-media-text__content\">\n<h2 class=\"wp-block-heading\">Gesennen 4<\/h2>\n\n\n\n<p>Das  urige D\u00f6rflein besteht aus drei Bauernh\u00f6fen und einigen Wohngeb\u00e4uden. Die umliegenden Wiesen wurden schon vor vielen Jahren in kleinen St\u00fccken den drei Bauern zugeteilt, um bei Lawinen- oder Murenabg\u00e4ngen auch den daraus resultierenden Schaden aufzuteilen. Geteiltes Leid ist halbes Leid. Aus diesem Grund z\u00e4hlen 17 kleine und gro\u00dfe Wiesen zum J\u00f6rgelehof, welche zwei Mal im Jahr bestellt werden.<\/p>\n<\/div><figure class=\"wp-block-media-text__media\"><img loading=\"lazy\" decoding=\"async\" width=\"1024\" height=\"576\" src=\"https:\/\/joergelehof.info\/wp-content\/uploads\/2022\/07\/20220722_171509-1024x576.jpg\" alt=\"\" class=\"wp-image-1216 size-full\" srcset=\"https:\/\/joergelehof.info\/wp-content\/uploads\/2022\/07\/20220722_171509-1024x576.jpg 1024w, https:\/\/joergelehof.info\/wp-content\/uploads\/2022\/07\/20220722_171509-300x169.jpg 300w, https:\/\/joergelehof.info\/wp-content\/uploads\/2022\/07\/20220722_171509-768x432.jpg 768w, https:\/\/joergelehof.info\/wp-content\/uploads\/2022\/07\/20220722_171509-1536x864.jpg 1536w, https:\/\/joergelehof.info\/wp-content\/uploads\/2022\/07\/20220722_171509-2048x1152.jpg 2048w\" sizes=\"auto, (max-width: 1024px) 100vw, 1024px\" \/><\/figure><\/div>\n<\/div><\/div>\n\n\n\n<div class=\"wp-block-cover alignfull is-light has-parallax\" style=\"min-height:298px;aspect-ratio:unset;\"><div class=\"wp-block-cover__image-background wp-image-379 has-parallax\" style=\"background-position:50% 50%;background-image:url(https:\/\/joergelehof.info\/wp-content\/uploads\/2022\/03\/20190518_110400.jpg)\"><\/div><span aria-hidden=\"true\" class=\"wp-block-cover__background has-ast-global-color-1-background-color has-background-dim\"><\/span><div class=\"wp-block-cover__inner-container is-layout-flow wp-block-cover-is-layout-flow\">\n<h1 class=\"wp-block-heading has-text-align-center has-white-color has-text-color\">Lernen Sie den J\u00f6rgelehof kennen<\/h1>\n<\/div><\/div>\n\n\n\n<div class=\"wp-block-group alignfull has-ast-global-color-5-background-color has-background\"><div class=\"wp-block-group__inner-container is-layout-flow wp-block-group-is-layout-flow\">\n<div class=\"wp-block-media-text alignwide has-media-on-the-right is-stacked-on-mobile\" style=\"grid-template-columns:auto 43%\"><div class=\"wp-block-media-text__content\">\n<h2 class=\"wp-block-heading\">Ihre Gastgeber<\/h2>\n\n\n\n<p>Ingrid k\u00fcmmert sich um Familie, Haus und G\u00e4ste. In ihrer Freizeit bastelt und werkt sie leidenschaftlich an ihren Projekten.<\/p>\n\n\n\n<p>Heinl k\u00fcmmert sich um den Hof und seine Tiere. Er hat immer was zu tun und schaut bedacht darauf, dass immer gen\u00fcgend Holz da ist, um im Winter die Wohnungen sch\u00f6n warm zu halten. <\/p>\n\n\n\n<p>Auch die erwachsenen Kinder Franziska, Maximilian und Judith sind immer wieder auf dem Hof anzutreffen. <\/p>\n<\/div><figure class=\"wp-block-media-text__media\"><img loading=\"lazy\" decoding=\"async\" width=\"1024\" height=\"757\" src=\"https:\/\/joergelehof.info\/wp-content\/uploads\/2022\/07\/Mami-u-Heinl-1024x757.jpg\" alt=\"\" class=\"wp-image-1219 size-full\" srcset=\"https:\/\/joergelehof.info\/wp-content\/uploads\/2022\/07\/Mami-u-Heinl-1024x757.jpg 1024w, https:\/\/joergelehof.info\/wp-content\/uploads\/2022\/07\/Mami-u-Heinl-300x222.jpg 300w, https:\/\/joergelehof.info\/wp-content\/uploads\/2022\/07\/Mami-u-Heinl-768x568.jpg 768w, https:\/\/joergelehof.info\/wp-content\/uploads\/2022\/07\/Mami-u-Heinl.jpg 1336w\" sizes=\"auto, (max-width: 1024px) 100vw, 1024px\" \/><\/figure><\/div>\n\n\n\n<p><\/p>\n<\/div><\/div>\n\n\n\n<div class=\"wp-block-group alignfull has-ast-global-color-5-background-color has-background\"><div class=\"wp-block-group__inner-container is-layout-flow wp-block-group-is-layout-flow\">\n<div class=\"wp-block-media-text alignwide is-stacked-on-mobile\" style=\"grid-template-columns:33% auto\"><figure class=\"wp-block-media-text__media\"><img loading=\"lazy\" decoding=\"async\" width=\"665\" height=\"1024\" src=\"https:\/\/joergelehof.info\/wp-content\/uploads\/2022\/03\/Zicklein-Kopie-665x1024.png\" alt=\"\" class=\"wp-image-366 size-full\" srcset=\"https:\/\/joergelehof.info\/wp-content\/uploads\/2022\/03\/Zicklein-Kopie-665x1024.png 665w, https:\/\/joergelehof.info\/wp-content\/uploads\/2022\/03\/Zicklein-Kopie-195x300.png 195w, https:\/\/joergelehof.info\/wp-content\/uploads\/2022\/03\/Zicklein-Kopie-768x1183.png 768w, https:\/\/joergelehof.info\/wp-content\/uploads\/2022\/03\/Zicklein-Kopie-997x1536.png 997w, https:\/\/joergelehof.info\/wp-content\/uploads\/2022\/03\/Zicklein-Kopie-1329x2048.png 1329w, https:\/\/joergelehof.info\/wp-content\/uploads\/2022\/03\/Zicklein-Kopie.png 1800w\" sizes=\"auto, (max-width: 665px) 100vw, 665px\" \/><\/figure><div class=\"wp-block-media-text__content\">\n<h2 class=\"wp-block-heading\">Unsere Tiere<\/h2>\n\n\n\n<p>Auf unserem Bauernhof machen es sich mehrere Bewohner gem\u00fctlich. Darunter sind K\u00fche, drei alte Minischafe und H\u00fchner zu finden. Wer genau schaut, kann auch hie und da eine Maus ersp\u00e4hen. Nat\u00fcrlich d\u00fcrfen auf unserem Hof Hund und Katze nicht fehlen. Gerne k\u00f6nnen Sie uns zu den Stallzeiten begleiten und bei der Versorgung der Tiere unterst\u00fctzen.<\/p>\n<\/div><\/div>\n<\/div><\/div>\n\n\n\n<div class=\"wp-block-group alignfull has-ast-global-color-5-background-color has-background\"><div class=\"wp-block-group__inner-container is-layout-flow wp-block-group-is-layout-flow\">\n<div class=\"wp-block-media-text alignwide has-media-on-the-right is-stacked-on-mobile\"><div class=\"wp-block-media-text__content\">\n<h2 class=\"wp-block-heading\">Unsere Hofprodukte<\/h2>\n\n\n\n<p>Wenn Sie gerne unsere hofeigenen Produkte probieren m\u00f6chten, geben Sie uns bitte Bescheid. Wir k\u00f6nnen Ihnen Milch, Eier und selbstgemachte Marmeladen von den heimischen Beeren anbieten. Im Sommer gibt es Kr\u00e4uter aus dem gro\u00dfen Bauerngarten. Unsere Milch wird vom Milchhof Sterzing zu Butter und Joghurt weiterverarbeitet.<\/p>\n<\/div><figure class=\"wp-block-media-text__media\"><img loading=\"lazy\" decoding=\"async\" width=\"1024\" height=\"576\" src=\"https:\/\/joergelehof.info\/wp-content\/uploads\/2022\/07\/Hofprodukte-1-1024x576.jpg\" alt=\"\" class=\"wp-image-1238 size-full\" srcset=\"https:\/\/joergelehof.info\/wp-content\/uploads\/2022\/07\/Hofprodukte-1-1024x576.jpg 1024w, https:\/\/joergelehof.info\/wp-content\/uploads\/2022\/07\/Hofprodukte-1-300x169.jpg 300w, https:\/\/joergelehof.info\/wp-content\/uploads\/2022\/07\/Hofprodukte-1-768x432.jpg 768w, https:\/\/joergelehof.info\/wp-content\/uploads\/2022\/07\/Hofprodukte-1-1536x864.jpg 1536w, https:\/\/joergelehof.info\/wp-content\/uploads\/2022\/07\/Hofprodukte-1-2048x1152.jpg 2048w\" sizes=\"auto, (max-width: 1024px) 100vw, 1024px\" \/><\/figure><\/div>\n<\/div><\/div>\n\n\n\n<div style=\"height:19px\" aria-hidden=\"true\" class=\"wp-block-spacer\"><\/div>\n\n\n\n<div class=\"wp-block-cover alignfull is-light has-parallax\" style=\"min-height:407px;aspect-ratio:unset;\"><div class=\"wp-block-cover__image-background wp-image-325 has-parallax\" style=\"background-position:50% 50%;background-image:url(https:\/\/joergelehof.info\/wp-content\/uploads\/2022\/03\/20190629_162039-1-scaled-e1649067845440.jpg)\"><\/div><span aria-hidden=\"true\" class=\"wp-block-cover__background has-ast-global-color-1-background-color has-background-dim\"><\/span><div class=\"wp-block-cover__inner-container is-layout-flow wp-block-cover-is-layout-flow\">\n<h1 class=\"wp-block-heading has-text-align-center has-white-color has-text-color\"><\/h1>\n\n\n\n<div class=\"wp-block-buttons is-content-justification-center is-layout-flex wp-container-core-buttons-is-layout-16018d1d wp-block-buttons-is-layout-flex\">\n<div class=\"wp-block-button is-style-fill\"><a class=\"wp-block-button__link has-black-color has-text-color has-background wp-element-button\" href=\"https:\/\/joergelehof.info\/\" style=\"border-radius:0px;background-color:#fffbe6\">Zur\u00fcck zur Startseite<\/a><\/div>\n\n\n\n<div class=\"wp-block-button is-style-fill\"><a class=\"wp-block-button__link has-black-color has-text-color has-background wp-element-button\" href=\"?page_id=434\" style=\"border-radius:0px;background-color:#fffbe6\">Zu den Ferienwohnungen<\/a><\/div>\n\n\n\n<div class=\"wp-block-button is-style-fill\"><a class=\"wp-block-button__link has-black-color has-text-color has-background wp-element-button\" href=\"\/?page_id=124\" style=\"border-radius:0px;background-color:#fffbe6\">Kontakt<\/a><\/div>\n<\/div>\n<\/div><\/div>\n\n\n\n<div style=\"height:40px\" aria-hidden=\"true\" class=\"wp-block-spacer\"><\/div>\n\n\n\n<p><\/p>\n","protected":false},"excerpt":{"rendered":"<p>&#8230; auf dem J\u00f6rgelehof! Mit einem S\u00fcdtiroler \u201eGriassti\u201c oder \u201eHoila\u201c hei\u00dfen wir Sie herzlich willkommen auf unserem Bauernhof. Der J\u00f6rgelehof liegt auf 1380m Seeh\u00f6he im [&hellip;]<\/p>\n","protected":false},"author":1,"featured_media":0,"parent":0,"menu_order":0,"comment_status":"closed","ping_status":"closed","template":"","meta":{"footnotes":""},"class_list":["post-34","page","type-page","status-publish","hentry"],"_links":{"self":[{"href":"https:\/\/joergelehof.info\/index.php?rest_route=\/wp\/v2\/pages\/34","targetHints":{"allow":["GET"]}}],"collection":[{"href":"https:\/\/joergelehof.info\/index.php?rest_route=\/wp\/v2\/pages"}],"about":[{"href":"https:\/\/joergelehof.info\/index.php?rest_route=\/wp\/v2\/types\/page"}],"author":[{"embeddable":true,"href":"https:\/\/joergelehof.info\/index.php?rest_route=\/wp\/v2\/users\/1"}],"replies":[{"embeddable":true,"href":"https:\/\/joergelehof.info\/index.php?rest_route=%2Fwp%2Fv2%2Fcomments&post=34"}],"version-history":[{"count":113,"href":"https:\/\/joergelehof.info\/index.php?rest_route=\/wp\/v2\/pages\/34\/revisions"}],"predecessor-version":[{"id":1401,"href":"https:\/\/joergelehof.info\/index.php?rest_route=\/wp\/v2\/pages\/34\/revisions\/1401"}],"wp:attachment":[{"href":"https:\/\/joergelehof.info\/index.php?rest_route=%2Fwp%2Fv2%2Fmedia&parent=34"}],"curies":[{"name":"wp","href":"https:\/\/api.w.org\/{rel}","templated":true}]}}