{"id":393,"date":"2022-03-28T16:40:49","date_gmt":"2022-03-28T14:40:49","guid":{"rendered":"https:\/\/joergelehof.info\/?page_id=393"},"modified":"2022-04-20T09:42:59","modified_gmt":"2022-04-20T07:42:59","slug":"aktivitaeten-rund-ums-jahr","status":"publish","type":"page","link":"https:\/\/joergelehof.info\/?page_id=393","title":{"rendered":"365 Tage Erlebnis pur"},"content":{"rendered":"\n<div class=\"wp-block-cover alignfull is-light has-parallax\" style=\"background-image:url(https:\/\/joergelehof.info\/wp-content\/uploads\/2022\/03\/20210910_110710-scaled.jpg);min-height:490px;aspect-ratio:unset;\"><span aria-hidden=\"true\" class=\"has-ast-global-color-1-background-color wp-block-cover__gradient-background has-background-dim\"><\/span><div class=\"wp-block-cover__inner-container is-layout-flow wp-block-cover-is-layout-flow\">\n<h1 class=\"has-text-align-center has-white-color has-text-color wp-block-heading\">Auf geht\u00b4s!<\/h1>\n\n\n\n<div class=\"wp-block-buttons is-content-justification-center is-layout-flex wp-container-core-buttons-is-layout-16018d1d wp-block-buttons-is-layout-flex\">\n<div class=\"wp-block-button is-style-fill\"><a class=\"wp-block-button__link has-black-color has-pale-ocean-gradient-background has-text-color has-background\" href=\"\/?page_id=88\" style=\"border-radius:0px\">Sommer<\/a><\/div>\n\n\n\n<div class=\"wp-block-button is-style-fill\"><a class=\"wp-block-button__link has-black-color has-pale-ocean-gradient-background has-text-color has-background\" href=\"\/?page_id=89\" style=\"border-radius:0px\">Winter<\/a><\/div>\n\n\n\n<div class=\"wp-block-button is-style-fill\"><a class=\"wp-block-button__link has-black-color has-pale-ocean-gradient-background has-text-color has-background\" href=\"\/?page_id=91\" style=\"border-radius:0px\">Indoor<\/a><\/div>\n<\/div>\n<\/div><\/div>\n\n\n\n<div style=\"height:40px\" aria-hidden=\"true\" class=\"wp-block-spacer\"><\/div>\n\n\n\n<div class=\"wp-block-cover is-light\" style=\"min-height:316px;aspect-ratio:unset;\"><span aria-hidden=\"true\" class=\"has-background-dim-70 wp-block-cover__gradient-background has-background-dim has-background-gradient\" style=\"background:linear-gradient(135deg,rgb(255,245,203) 0%,rgb(182,227,212) 69%,rgb(51,167,181) 100%)\"><\/span><div class=\"wp-block-cover__inner-container is-layout-flow wp-block-cover-is-layout-flow\">\n<p class=\"has-text-align-center\" style=\"font-size:20px\"><strong>Ridnaun bietet eine Vielzahl an M\u00f6glichkeiten, den Urlaub zu verbringen.<br>Wir haben einige Aktivit\u00e4ten f\u00fcr Sie auf unserer Homepage zusammengetragen<br>und stehen Ihnen jederzeit f\u00fcr weitere Ausk\u00fcnfte und Geheimtipps zur Verf\u00fcgung.<br>Lassen Sie sich von Ridnaun und seinen M\u00f6glichkeiten verzaubern.<\/strong><\/p>\n<\/div><\/div>\n","protected":false},"excerpt":{"rendered":"","protected":false},"author":1,"featured_media":0,"parent":0,"menu_order":0,"comment_status":"closed","ping_status":"closed","template":"","meta":{"footnotes":""},"class_list":["post-393","page","type-page","status-publish","hentry"],"_links":{"self":[{"href":"https:\/\/joergelehof.info\/index.php?rest_route=\/wp\/v2\/pages\/393","targetHints":{"allow":["GET"]}}],"collection":[{"href":"https:\/\/joergelehof.info\/index.php?rest_route=\/wp\/v2\/pages"}],"about":[{"href":"https:\/\/joergelehof.info\/index.php?rest_route=\/wp\/v2\/types\/page"}],"author":[{"embeddable":true,"href":"https:\/\/joergelehof.info\/index.php?rest_route=\/wp\/v2\/users\/1"}],"replies":[{"embeddable":true,"href":"https:\/\/joergelehof.info\/index.php?rest_route=%2Fwp%2Fv2%2Fcomments&post=393"}],"version-history":[{"count":41,"href":"https:\/\/joergelehof.info\/index.php?rest_route=\/wp\/v2\/pages\/393\/revisions"}],"predecessor-version":[{"id":1168,"href":"https:\/\/joergelehof.info\/index.php?rest_route=\/wp\/v2\/pages\/393\/revisions\/1168"}],"wp:attachment":[{"href":"https:\/\/joergelehof.info\/index.php?rest_route=%2Fwp%2Fv2%2Fmedia&parent=393"}],"curies":[{"name":"wp","href":"https:\/\/api.w.org\/{rel}","templated":true}]}}