{"id":403,"date":"2022-03-28T16:47:11","date_gmt":"2022-03-28T14:47:11","guid":{"rendered":"https:\/\/joergelehof.info\/?page_id=403"},"modified":"2022-06-27T10:45:32","modified_gmt":"2022-06-27T08:45:32","slug":"impressum","status":"publish","type":"page","link":"https:\/\/joergelehof.info\/?page_id=403","title":{"rendered":"Impressum"},"content":{"rendered":"\n<p>Auftraggeber: Ingrid Marmsoler, Gesennen 10, 39040 Ridnaun\/Ratschings<br>Texte: Franziska Voppichler, Ingrid Marmsoler<br>\u00dcbersetzung: GTranslate<\/p>\n\n\n\n<p><strong>Fotografie<\/strong>:<\/p>\n\n\n\n<p>\u00a9 Ingrid Marmsoler<br>\u00a9 Franziska Voppichler<br>\u00a9 Anna Fassnauer <br>\u00a9 Ratschings Tourismus \/ Manuel Kottersteger<br>\u00a9 https:\/\/www.suedtirol.com\/kultur\/burgen-schloesser\/schloss-wolfsthurn<br>\u00a9 https:\/\/www.sterzing.com\/de\/aktiv\/freizeit-sport\/rafting-in-suedtirol.html<br>\u00a9 https:\/\/www.miavalleisarco.it\/de\/sport\/parapendista-rainer\/https:\/\/www.suedtirol<br>\u00a9 kompakt.com\/gilfenklamm-bei-sterzing-mittel\/<\/p>\n\n\n\n<p>Pflichtinformation nach EU-Verordnung Nr. 524\/2013 des Europ\u00e4ischen Parlaments und Rats.<br>Plattform zur Online-Beilegung verbraucherrechtlicher Streitigkeiten (ODR) der Europ\u00e4ischen Kommission: <a href=\"http:\/\/ec.europa.eu\/consumers\/odr\/\" target=\"_blank\" rel=\"noreferrer noopener\">http:\/\/ec.europa.eu\/consumers\/odr\/<\/a>&nbsp;<br><\/p>\n\n\n\n<p><strong>Hinweise<\/strong><br>1. Inhalt<br>Trotz sorgf\u00e4ltiger \u00dcberpr\u00fcfung auf Richtigkeit und Vollst\u00e4ndigkeit der Inhalte und Informationen auf dieser Website \u00fcbernehmen wir keine Haftung oder Garantie derselben. Wir behalten uns das Recht vor, ohne vorherige Ank\u00fcndigung Aktualisierungen, \u00c4nderungen oder Erg\u00e4nzungen der bereitgestellten Informationen vorzunehmen.<br>2. Verweise und Links<br>Wir \u00fcbernehmen keine Haftung f\u00fcr die Inhalte externer Links. F\u00fcr den Inhalt der verlinkten Seiten sind ausschlie\u00dflich deren Betreiber verantwortlich.<br>3. Copyright<br>Der Inhalt dieser Website ist durch Copyright gesch\u00fctzt. Eine Vervielf\u00e4ltigung oder Verwendung in anderen elektronischen oder gedruckten Publikationen ist ohne unsere ausdr\u00fcckliche Zustimmung nicht gestattet.<\/p>\n","protected":false},"excerpt":{"rendered":"<p>Auftraggeber: Ingrid Marmsoler, Gesennen 10, 39040 Ridnaun\/RatschingsTexte: Franziska Voppichler, Ingrid Marmsoler\u00dcbersetzung: GTranslate Fotografie: \u00a9 Ingrid Marmsoler\u00a9 Franziska Voppichler\u00a9 Anna Fassnauer \u00a9 Ratschings Tourismus \/ Manuel [&hellip;]<\/p>\n","protected":false},"author":1,"featured_media":0,"parent":0,"menu_order":0,"comment_status":"closed","ping_status":"closed","template":"","meta":{"footnotes":""},"class_list":["post-403","page","type-page","status-publish","hentry"],"_links":{"self":[{"href":"https:\/\/joergelehof.info\/index.php?rest_route=\/wp\/v2\/pages\/403","targetHints":{"allow":["GET"]}}],"collection":[{"href":"https:\/\/joergelehof.info\/index.php?rest_route=\/wp\/v2\/pages"}],"about":[{"href":"https:\/\/joergelehof.info\/index.php?rest_route=\/wp\/v2\/types\/page"}],"author":[{"embeddable":true,"href":"https:\/\/joergelehof.info\/index.php?rest_route=\/wp\/v2\/users\/1"}],"replies":[{"embeddable":true,"href":"https:\/\/joergelehof.info\/index.php?rest_route=%2Fwp%2Fv2%2Fcomments&post=403"}],"version-history":[{"count":12,"href":"https:\/\/joergelehof.info\/index.php?rest_route=\/wp\/v2\/pages\/403\/revisions"}],"predecessor-version":[{"id":1206,"href":"https:\/\/joergelehof.info\/index.php?rest_route=\/wp\/v2\/pages\/403\/revisions\/1206"}],"wp:attachment":[{"href":"https:\/\/joergelehof.info\/index.php?rest_route=%2Fwp%2Fv2%2Fmedia&parent=403"}],"curies":[{"name":"wp","href":"https:\/\/api.w.org\/{rel}","templated":true}]}}