{"id":404,"date":"2022-03-28T16:47:11","date_gmt":"2022-03-28T14:47:11","guid":{"rendered":"https:\/\/joergelehof.info\/?page_id=404"},"modified":"2022-04-05T10:42:14","modified_gmt":"2022-04-05T08:42:14","slug":"privacy","status":"publish","type":"page","link":"https:\/\/joergelehof.info\/?page_id=404","title":{"rendered":"Privacy"},"content":{"rendered":"\n<h1 class=\"wp-block-heading\">Datenschutz<\/h1>\n\n\n\n<p>\u200bDie von Ihnen gelieferten Daten werden ausschlie\u00dflich f\u00fcr den Versand der Anfrage verwendet und werden nicht an Dritte weitergegeben (Art. 13 des Gv.D Nr. 196\/2003 &#8222;Privacy&#8220;: Im Sinne der Art. 13 des Gv.D Nr. 196\/2003 und nachfolgender \u00c4nderungen, welche die Behandlung von pers\u00f6nlichen Daten betreffen).<br>Die Verwendung erfolgt ausschlie\u00dflich in Erf\u00fcllung der gegenseitig eingegangenen Vertragsverpflichtungen, sowie zum Zwecke der Bewerbung der T\u00e4tigkeit des Users. Der User ist berechtigt, diese Daten zu \u00fcberpr\u00fcfen, zu \u00e4ndern, deren L\u00f6schung zu verlangen oder sich deren Verwendung zu widersetzen, vorbehaltlich der bestehenden Vertragsverpflichtungen.<\/p>\n\n\n\n<p>\u200b<\/p>\n\n\n\n<p>Gesetz Nr. 665\/669 \u00fcber die &#8222;Privacy&#8220; &#8211; Aufkl\u00e4rungsschreiben im Sinne des Gesetzesvertretenden Dekretes Nr. 196 vom 30.06.2003 DatenschutzkodexIn Sinne des Art. 13 des gesetzesvertretenden Dekrets Nr. 196 vom 30. Juni 2003 INFORMIEREN wir dar\u00fcber, dass Nock Apartment die pers\u00f6nlichen Daten von Kunden und Lieferanten sowie Personen verarbeitet, die ihre Personalien willentlich (telefonisch, per Fax, per E-Mail oder per Anmeldeformularen) mitteilen, wobei es sich ausschlie\u00dflich um pers\u00f6nliche Daten gemeiner\/gew\u00f6hnlicher Art und Natur handelt. Die Firma garantiert im Rahmen der gesetzlichen Vorgaben, dass die Verarbeitung der pers\u00f6nlichen Daten unter Ber\u00fccksichtigung der grundlegenden Rechte und Freiheiten sowie der W\u00fcrde des Betroffenen mit besonderem Bezug auf die Geheimhaltung, die pers\u00f6nliche Identit\u00e4t und das Recht auf Schutz der pers\u00f6nlichen Daten erfolgt. Ziel- und Zweckstellungen bei der Datenverarbeitung:<\/p>\n\n\n\n<ul class=\"wp-block-list\"><li>Erf\u00fcllung von gesetzlichen Pflichten, Pflichten aus Verordnungen, Gemeinschaftsnormen sowie zivil- und steuerrechtlichen Gesetzen<\/li><li>Erf\u00fcllung eventueller vertraglicher Verpflichtungen gegen\u00fcber dem Betroffenen<\/li><li>Erf\u00fcllung von T\u00e4tigkeiten wie die Erstellung von Anmeldelisten, das Ausf\u00fcllen von internen Statistiken, zur Rechnungslegung sowie zur F\u00fchrung der Kunden-\/Lieferantenbuchhaltung<\/li><li>Zielstellungen gesch\u00e4ftlicher Art wie die Zusendung von Gesch\u00e4ftsinformationen und Werbematerial (per Post, Fax und E-Mail), Marketing und Marktuntersuchungen<\/li><li>Schutz der Forderungen und Verwaltung der Verbindlichkeiten Zielstellungen hinsichtlich Versicherungen, insbesondere Kreditversicherungen<\/li><\/ul>\n\n\n\n<p>In Bezug auf die oben angegebenen Zielstellungen werden Ihre pers\u00f6nlichen Daten bei Bedarf weitergeleitet:<\/p>\n\n\n\n<ul class=\"wp-block-list\"><li>an die \u00f6ffentlichen Verwaltungen und Beh\u00f6rden, wenn dies gesetzlich vorgesehen ist<\/li><li>an Kreditinstitute, mit denen unsere Firma Gesch\u00e4ftsbeziehungen zur Verwaltung von&nbsp;Forderungen\/Verbindlichkeiten und zur Finanzierungsvermittlung unterh\u00e4lt<\/li><li>an alle jenen nat\u00fcrlichen und\/oder juristischen, \u00f6ffentlichen und\/oder privaten Personen (Rechts-, Verwaltungs- und Steuerberatungsb\u00fcros, Gerichte, Handelskammern usw.), wenn sich die Weiterleitung als notwendig oder zur Aus\u00fcbung unserer T\u00e4tigkeit zweckdienlich erweist sowie auf die oben angegebene Art und Weise mit den entsprechenden Zielstellungen<\/li><\/ul>\n\n\n\n<p>Die von unserem Studio verarbeiteten pers\u00f6nlichen Daten unterliegen keiner Verbreitung. Die Datenverarbeitung kann mit oder ohne Hilfe elektronischer, auf jeden Fall automatischer Mittel erfolgen und umfasst alle im Art. 4, Absatz 1, Buchstabe a des gesetzesvertretenden Dekretes Nr. 196 vom 30. Juni 2003 vorgesehenen und f\u00fcr die betreffende Datenverarbeitung erforderlichen Vorg\u00e4nge. In jedem Fall wird die Datenverarbeitung unter Einhaltung aller Sicherheitsma\u00dfnahmen durchgef\u00fchrt, die deren Sicherheit und Geheimhaltung gew\u00e4hrleisten. Das Datenschutzgesetz verleiht dem Betroffenen die M\u00f6glichkeit zur Aus\u00fcbung bestimmter Rechte gem\u00e4\u00df Art. 7. Im einzelnen hat er das Recht zu wissen, welche pers\u00f6nlichen Daten der Inhaber \u00fcber ihn besitzt und dar\u00fcber Auskunft zu erhalten, ob Daten \u00fcber ihn vorhanden sind, auch wenn sie noch nicht gespeichert sind und in verst\u00e4ndlicher Form n\u00e4here Angaben \u00fcber diese Daten, Herkunft und den Grund und Zweck ihrer Verarbeitung zu erfahren, sowie Angaben \u00fcber Inhaber und Verantwortlichen der Verarbeitung und Personen und Kategorien von Personen denen diese Daten m\u00f6glicherweise \u00fcbermittelt werden. Der Betroffene hat das Recht seine Daten zu best\u00e4tigen und zu kontrollieren, zu berichtigen und zu erg\u00e4nzen, zu beantragen, dass die Daten gel\u00f6scht, gesperrt und in anonyme Daten umgewandelt werden, falls die Verarbeitung gegen die gesetzlichen Bestimmungen verst\u00f6\u00dft. Er hat das Recht sich aus gerechtfertigtem Grund g\u00e4nzlich oder zum Teil der Verarbeitung seiner Daten zu widersetzten, sowie ihre L\u00f6schung, Sperrung, Umwandlung in anonyme Daten zu verlangen und ohne gerechtfertigten Grund, wenn Daten zum Zwecke der Handelsinformation, des Versands von Werbematerial, des Direktverkaufs, zu Markt und Meinungsforschung verwendet werden. Die gegenst\u00e4ndlichen Rechte k\u00f6nnen seitens des Betroffenen oder einer von ihm beauftragten Person, mittels Anfrage an den Verantwortlichen mit Einschreiben oder E-Mail geltend gemacht werden.<\/p>\n\n\n\n<h1 class=\"wp-block-heading\">Cookies<\/h1>\n\n\n\n<p>Was sind Cookies?<\/p>\n\n\n\n<p>Cookies sind kleine Textdateien, die auf Ihrem Computer abgelegt werden, wenn Sie bestimmte Websites besuchen.<\/p>\n\n\n\n<p><br>Wir verwenden Cookies f\u00fcr die Website und -Subdomains \u2013 wobei wir den Benutzer um seine Zustimmung bitten, wo dies ausdr\u00fccklich per Gesetz oder anderen einschl\u00e4gigen Bestimmungen verlangt wird \u2013, um dem Benutzer das Navigieren zu erleichtern und die an den Benutzer \u00fcbermittelten Informationen zu personalisieren. Wir verwenden dar\u00fcber hinaus entsprechende Systeme, um Informationen \u00fcber den Benutzer zu sammeln, wie zum Beispiel seine IP-Adresse, den verwendeten Browser und das Betriebssystem und\/oder von einem Benutzer besuchte Websites f\u00fcr Sicherheits- und Statistikzwecke.<br>Wenn Sie entscheiden, Cookies zu deaktivieren oder abzulehnen, k\u00f6nnen Sie auf einige Teile der Website und mit ihr verbundener Subdomains m\u00f6glicherweise nicht zugreifen oder sie funktionieren nicht ordnungsgem\u00e4\u00df.<br>Um eine vollst\u00e4ndige und problemlose Nutzung dieser Website zu gew\u00e4hrleisten, sollten Sie Ihren Browser so einrichten, dass er diese Cookies akzeptiert. Die Cookies stellen f\u00fcr Ihren Computer, Ihr Tablet oder Ihr Smartphone keine Gefahr dar. Die von dieser Seite erzeugten Cookies enthalten keine personenbezogenen Informationen, die zur Identifizierung des Benutzers verwendet werden k\u00f6nnen, sondern nur verschl\u00fcsselte Daten.<\/p>\n\n\n\n<p>\u200b<\/p>\n\n\n\n<p>Die Website und mit ihr verbundene Subdomains verwenden die folgenden Arten von Cookies:<\/p>\n\n\n\n<p>\u200b<\/p>\n\n\n\n<p>Navigationscookies<br>Diese Cookies erm\u00f6glichen die Navigation auf der Website und die Nutzung ihrer Funktionen. Ohne Cookies k\u00f6nnen Sie m\u00f6glicherweise nicht auf diese Funktionen zugreifen oder sie funktionieren nicht ordnungsgem\u00e4\u00df.<br>Die absolut n\u00f6tigen Cookies dienen dazu, eine Kennung zu speichern, sodass wir jeden Benutzer eindeutig identifizieren und einen einheitlichen und genau abgestimmten Dienst bereitstellen k\u00f6nnen.<\/p>\n\n\n\n<p>\u200b<\/p>\n\n\n\n<p>Leistungscookies<br>Diese Cookies k\u00f6nnen von uns selbst oder von einem unserer Partner stammen; es kann sich dabei um Sitzungscookies oder um permanente Cookies handeln. Sie dienen nur der Website-Performance und Verbesserung. Diese Cookies sammeln keine Informationen, mit denen der Benutzer identifiziert werden kann. Alle Informationen, die mithilfe dieser Cookies gesammelt werden, werden in anonymer Form zusammengefasst und nur zur Verbesserung der Funktionalit\u00e4t der Website genutzt.<\/p>\n\n\n\n<p>\u200b<\/p>\n\n\n\n<p>Funktionscookies<br>Cookies werden normalerweise infolge einer Handlung des Benutzers auf seinem Computer abgelegt, jedoch k\u00f6nnen sie auch empfangen werden, wenn dem Benutzer ein Dienst angeboten wird, ohne dass dieser ausdr\u00fccklich angefordert wurde. Sie k\u00f6nnen dazu dienen zu verhindern, dass derselbe Dienst demselben Benutzer mehr als einmal angeboten wird. Dar\u00fcber hinaus erm\u00f6glichen diese Cookies der Website, Entscheidungen des Benutzers nachzuhalten. Die von diesen Cookies gesammelten Informationen sind anonym und k\u00f6nnen nicht dazu verwendet werden, das Verhalten des Benutzers auf anderen Websites zu beurteilen.<\/p>\n\n\n\n<p>\u200b<\/p>\n\n\n\n<p>Cookies von Dritten f\u00fcr Marketing-\/Retargetingzwecke<br>Diese Cookies werden von Partnern eingesetzt, um unsere Werbung einzublenden, wenn Sie andere Websites besuchen, und zum Beispiel die Produkte anzuzeigen, die Sie sich zuletzt auf unserer Website angesehen haben. Diese Cookies k\u00f6nnen auch dazu verwendet werden, Produkte zu zeigen, die Sie m\u00f6glicherweise interessieren oder die anderen Produkten \u00e4hneln, die Sie sich zuvor angesehen haben. Diese Cookies sind nicht mit der Verarbeitung personenbezogener Informationen verbunden, k\u00f6nnen aber den Zugriff auf den Browser erm\u00f6glichen, der auf Ihrem Computer oder anderen Ger\u00e4ten installiert ist.<\/p>\n\n\n\n<p>\u200b<\/p>\n\n\n\n<p>Cookies deaktivieren<br>Datenschutzgesetze geben Benutzern die M\u00f6glichkeit, Cookies zu deaktivieren (\u201eopt out\u201c), die bereits auf ihrem Ger\u00e4t installiert sind. Diese Option gilt f\u00fcr \u201etechnische Cookies\u201c (Art. 122 des italienischen Datenschutzgesetzes) und andere Cookies, die der Benutzer zuvor akzeptiert (\u201eopt in\u201c) hat. Der Benutzer kann Cookies anhand von Browsereinstellungen deaktivieren und\/oder l\u00f6schen (\u201eopt out\u201c)<\/p>\n\n\n\n<p>\u200b<\/p>\n\n\n\n<p>So deaktivieren Sie Cookies:<\/p>\n\n\n\n<p>\u200b<\/p>\n\n\n\n<p>Internet Explorer<br>Blockieren oder Zulassen aller Cookies<br>1. \u00d6ffnen Sie Internet Explorer, indem Sie auf die Schaltfl\u00e4che Start klicken und dann auf Internet Explorer klicken.<br>2. Klicken Sie auf die Schaltfl\u00e4che Extras und dann auf Internetoptionen.<br>3. Klicken Sie auf die Registerkarte Datenschutz, und verschieben Sie dann unter Einstellungen den Schiebregler nach oben, um alle Cookies zu blockieren, oder nach unten, um alle zuzulassen. Klicken Sie anschlie\u00dfend auf OK.<br>Das Blockieren von Cookies kann dazu f\u00fchren, dass manche Webseiten nicht korrekt angezeigt werden.<\/p>\n\n\n\n<p>\u200b<\/p>\n\n\n\n<p>Firefox<br>Um die Cookies aller Websites zu blockieren, gehen Sie wie folgt vor:<br>1. Klicken Sie auf die Men\u00fcschaltfl\u00e4che und w\u00e4hlen Sie Einstellungen.<br>2. Gehen Sie zum Abschnitt Datenschutz.<br>3. Setzen Sie die Auswahlliste neben Firefox wird eine Chronik: auf nach benutzerdefinierten Einstellungen anlegen.<br>4. Entfernen Sie das H\u00e4kchen bei Cookies akzeptieren. Klicken sie auf OK.<\/p>\n\n\n\n<p>\u200b<\/p>\n\n\n\n<p>Google Chrome<br>1. W\u00e4hlen Sie das Chrome-Men\u00fcsymbol aus.<br>2. W\u00e4hlen Sie Einstellungen aus.<br>3. W\u00e4hlen Sie unten auf der Seite Erweiterte Einstellungen anzeigen aus.<br>4. W\u00e4hlen Sie im Abschnitt &#8222;Datenschutz&#8220; die Option Inhaltseinstellungen aus.<br>5. W\u00e4hlen Sie Speicherung von Daten f\u00fcr alle Websites blockieren aus.<br>6. W\u00e4hlen Sie Fertig aus.<\/p>\n\n\n\n<p><br>Einzelne nicht technische Cookies von Dritten k\u00f6nnen vom Benutzer auch deaktiviert und\/oder gel\u00f6scht werden, wie auf der Website der European Interactive Digital Advertising Alliance erkl\u00e4rt wird:&nbsp;<a href=\"http:\/\/www.youronlinechoices.eu\/\" target=\"_blank\" rel=\"noreferrer noopener\">www.youronlinechoices.eu<\/a><\/p>\n\n\n\n<p>\u200b<\/p>\n\n\n\n<p>Welche Cookies werden auf dieser Website verwendet, was ist ihre Lebensdauer und wof\u00fcr werden sie ben\u00f6tigt?<\/p>\n\n\n\n<p>\u200b<\/p>\n\n\n\n<p>Google Cookies<\/p>\n\n\n\n<ul class=\"wp-block-list\"><li>__utma, unbegrenzt: Dieser Cookie beinhaltet die Informationen dar\u00fcber, wann der Besucher das erste Mal auf der Seite war, wie oft er sie besucht hat und wann er sie das letzte Mal aufgerufen hat.<\/li><li>__utmb, bis zum Ende der Session: Dieser Cookie enth\u00e4lt einen Zeitstempel,wann der Besucher die Seite aufgerufen hat. Zusammen mit __utmc kann dieser Cookie Auskunft \u00fcber die Aufenthaltsdauer des Besuchers auf einer Seite geben.<\/li><li>__utmc, 30 Minuten: Dieser Cookie enth\u00e4lt einen Zeitstempel, wann der Besucher die Seite verlassen hat. Zusammen mit __utmb kann dieser Cookie Auskunft \u00fcber die Aufenthaltsdauer des Besuchers auf einer Seite geben.<\/li><li>__utmk, unbegrenzt: Dieser Cookie beinhaltet einen Hashwert \u00fcber alle hier genannten UTM-Cookies.<\/li><li>__utmv, unbegrenzt: Dieser Cookie ist f\u00fcr individuelle Inhalte gedacht, kann frei belegt werden und dient somit der Steuerung benutzerdefinierter Analysen.<\/li><li>__utmx, 2 Jahre: Dieser Cookie beinhaltet Werte des Google Website Optimizers.<\/li><li>__utmz 6 Monate: Dieser Cookie beinhaltet Informationen dar\u00fcber, woher der Besucher kam bevor er die zu analysierende Seite aufgerufen hat. Darin k\u00f6nnen beispielsweise Informationen \u00fcber Suchmaschinen und die dort eingegebenen Suchbegriffe gespeichert sein oder wo auf der Erde sich die aufrufende IP-Adresse befindet.<\/li><li>_ga, 2 Jahre: Wird verwendet, um Benutzer zu unterscheiden<\/li><li>_gat, 10 min: Wird verwendet um Tracker Objekte zu erzeugen<\/li><li>ztdst, Sitzung; beinhaltet einen Eindeutigen Hash-Wert pro Besucher und dient zur Speicherung der _utm-Cookies von Google. Zus\u00e4tzlich wird die IP Adresse, die Browsersprache und die Einstiegsseite abgespeichert<\/li><li>PageConfig.HttpFirstReferrerLink, 1000 Tage: Herkunfts Url, wird bei E-Mails mitgesendet<\/li><li>sImageMode, 360 Tage: Wird verwendet um zu wissen, ob Desktop, Tablet oder Smartphone benutzt wird<\/li><\/ul>\n","protected":false},"excerpt":{"rendered":"<p>Datenschutz \u200bDie von Ihnen gelieferten Daten werden ausschlie\u00dflich f\u00fcr den Versand der Anfrage verwendet und werden nicht an Dritte weitergegeben (Art. 13 des Gv.D Nr. [&hellip;]<\/p>\n","protected":false},"author":1,"featured_media":0,"parent":0,"menu_order":0,"comment_status":"closed","ping_status":"closed","template":"","meta":{"footnotes":""},"class_list":["post-404","page","type-page","status-publish","hentry"],"_links":{"self":[{"href":"https:\/\/joergelehof.info\/index.php?rest_route=\/wp\/v2\/pages\/404","targetHints":{"allow":["GET"]}}],"collection":[{"href":"https:\/\/joergelehof.info\/index.php?rest_route=\/wp\/v2\/pages"}],"about":[{"href":"https:\/\/joergelehof.info\/index.php?rest_route=\/wp\/v2\/types\/page"}],"author":[{"embeddable":true,"href":"https:\/\/joergelehof.info\/index.php?rest_route=\/wp\/v2\/users\/1"}],"replies":[{"embeddable":true,"href":"https:\/\/joergelehof.info\/index.php?rest_route=%2Fwp%2Fv2%2Fcomments&post=404"}],"version-history":[{"count":7,"href":"https:\/\/joergelehof.info\/index.php?rest_route=\/wp\/v2\/pages\/404\/revisions"}],"predecessor-version":[{"id":998,"href":"https:\/\/joergelehof.info\/index.php?rest_route=\/wp\/v2\/pages\/404\/revisions\/998"}],"wp:attachment":[{"href":"https:\/\/joergelehof.info\/index.php?rest_route=%2Fwp%2Fv2%2Fmedia&parent=404"}],"curies":[{"name":"wp","href":"https:\/\/api.w.org\/{rel}","templated":true}]}}