{"id":405,"date":"2022-03-28T16:47:11","date_gmt":"2022-03-28T14:47:11","guid":{"rendered":"https:\/\/joergelehof.info\/?page_id=405"},"modified":"2025-09-02T08:12:37","modified_gmt":"2025-09-02T06:12:37","slug":"unsere-preise","status":"publish","type":"page","link":"https:\/\/joergelehof.info\/?page_id=405","title":{"rendered":"Unsere Preise (ab J\u00e4nner 2026)"},"content":{"rendered":"\n<div class=\"wp-block-cover alignfull is-light has-parallax\" style=\"min-height:257px;aspect-ratio:unset;\"><div class=\"wp-block-cover__image-background wp-image-181 has-parallax\" style=\"background-position:50% 50%;background-image:url(https:\/\/joergelehof.info\/wp-content\/uploads\/2022\/03\/13064733_1695401834057649_7389552984436521899_o.jpg)\"><\/div><span aria-hidden=\"true\" class=\"wp-block-cover__background has-ast-global-color-1-background-color has-background-dim\"><\/span><div class=\"wp-block-cover__inner-container is-layout-flow wp-block-cover-is-layout-flow\">\n<h1 class=\"wp-block-heading has-text-align-center has-white-color has-text-color\"><mark style=\"background-color:rgba(0, 0, 0, 0);color:#000000\" class=\"has-inline-color\"> <\/mark><\/h1>\n<\/div><\/div>\n\n\n\n<div style=\"height:27px\" aria-hidden=\"true\" class=\"wp-block-spacer\"><\/div>\n\n\n\n<ul class=\"wp-block-list\">\n<li>38,00 \u20ac pro Person und Nacht<\/li>\n<\/ul>\n\n\n\n<p><\/p>\n\n\n\n<ul class=\"wp-block-list\">\n<li>Erm\u00e4\u00dfigungen<ul><li>35,00 \u20ac pro Person und Nacht bei mehr als drei Tagen Aufenthalt<\/li><\/ul>\n<ul class=\"wp-block-list\">\n<li>18,00 \u20ac vom ersten bis zum vollendeten 14. Lebensjahr pro Person und Nacht<\/li>\n\n\n\n<li>0,00 \u20ac bis zum vollendeten ersten Lebensjahr<\/li>\n<\/ul>\n<\/li>\n<\/ul>\n\n\n\n<p><\/p>\n\n\n\n<ul class=\"wp-block-list\">\n<li>Aufpreise\n<ul class=\"wp-block-list\">\n<li>2,40 \u20ac Ortstaxe pro Person und Nacht ab dem vollendeten 14. Lebensjahr (ab 01.01.2024)<\/li>\n<\/ul>\n<\/li>\n<\/ul>\n\n\n\n<p><\/p>\n\n\n\n<ul class=\"wp-block-list\">\n<li>Unsere Preise f\u00fcr\n<ul class=\"wp-block-list\">\n<li>Haustiere: 8,00 \u20ac pro Nacht<\/li>\n\n\n\n<li>Kosten pro Waschgang: 5,00 \u20ac<\/li>\n\n\n\n<li>Eier pro St\u00fcck: 0,50 \u20ac<\/li>\n\n\n\n<li>Milch pro Liter: 1,50 \u20ac<\/li>\n<\/ul>\n<\/li>\n<\/ul>\n\n\n\n<div style=\"height:20px\" aria-hidden=\"true\" class=\"wp-block-spacer\"><\/div>\n\n\n\n<div class=\"wp-block-otfm-little-spoiler otfm-sp__wrapper otfm-sp__little js-otfm-sp__closed otfm-sp__b5e7a0\" role=\"button\" tabindex=\"0\" aria-expanded=\"false\" data-otfm-spc=\"#b5e7a0\" style=\"text-align:left\"><div class=\"otfm-sp__title\">Gut zu wissen<\/div><div class=\"otfm-sp__content\" style=\"height:0;opacity:0;visibility:hidden\">Die angef\u00fchrten Preise verstehen sich pro Person\/Nacht.<br\/>Die Ortstaxe von 2,40\u20ac pro Person (ab dem vollendeten 14. Lebensjahr) und Nacht ist im Preis <strong>nicht <\/strong>inbegriffen.<br\/>\u00a0<br\/>In der Hochsaison m\u00fcssen wir auf einen Mindestaufenthalt von sieben N\u00e4chten bestehen. An- und Abreisetage sind jeweils am Samstag.<br\/>Hochsaison: Juli, August und Faschingsfeiertage.<br\/>\u00dcber den Jahreswechsel verschieben sich die An- und Abreisetage je nach Feiertagen.<br\/>\u00a0<br\/>Check in: ab 14:00 Uhr, nach Absprache mit Ingrid auch fr\u00fcher m\u00f6glich<br\/>Check out: bis 10:00 Uhr<\/div><\/div>\n\n\n\n<div class=\"wp-block-otfm-little-spoiler otfm-sp__wrapper otfm-sp__little js-otfm-sp__closed otfm-sp__b5e7a0\" role=\"button\" tabindex=\"0\" aria-expanded=\"false\" data-otfm-spc=\"#b5e7a0\" style=\"text-align:left\"><div class=\"otfm-sp__title\">Buchung<\/div><div class=\"otfm-sp__content\" style=\"height:0;opacity:0;visibility:hidden\">ANGELD<br\/>Bei jeder best\u00e4tigten Buchung bitten wir Sie um ein Angeld von 30% der Gesamtkosten. Ihre Buchung gilt als abgeschlossen, wenn die Anzahlung bei uns eingegangen ist.<br\/>Den Rest des offenen Betrags k\u00f6nnen Sie bei uns in bar oder per \u00dcberweisung durchf\u00fchren. Kartenzahlung ist nicht m\u00f6glich.<br\/>\u00a0<br\/>\u00dcBERWEISUNG<br\/>Wir bitten Sie um \u00dcberweisung auf folgendes Konto.<br\/>Kontoinhaberin: Ingrid Marmsoler<br\/>Bankanschrift: Volksbank, Stange 18, Filiale 13<br\/>IBAN: IT73 C058 5659 1600 1357 1204 466<br\/>BIC:\u00a0 BPAAIT2B013<\/div><\/div>\n\n\n\n<div class=\"wp-block-otfm-little-spoiler otfm-sp__wrapper otfm-sp__little js-otfm-sp__closed otfm-sp__b5e7a0\" role=\"button\" tabindex=\"0\" aria-expanded=\"false\" data-otfm-spc=\"#b5e7a0\" style=\"text-align:left\"><div class=\"otfm-sp__title\">Storno<\/div><div class=\"otfm-sp__content\" style=\"height:0;opacity:0;visibility:hidden\">Sie k\u00f6nnen Ihren Urlaub nicht antreten und m\u00f6chten stornieren?<br\/>\u00a0<br\/>\u25b8 Bei Stornierung bis 30 Tage vor Urlaubsantritt entstehen f\u00fcr Sie keine zus\u00e4tzlichen Kosten. Das Angeld von 30% wird einbehalten.<br\/>\u25b8 Bei Stornierung bis 14 Tage vor Urlaubsantritt werden 50% des Gesamtbetrages f\u00e4llig.<br\/>\u25b8 Bei Stornierung bis 3 Tage vor Urlaubsantritt werden 70% des Gesamtbetrages f\u00e4llig.<br\/>\u25b8 Bei Stornierung unter 3 Tagen vor Reiseantritt, bei Nichtanreise, bei versp\u00e4teter Anreise oder fr\u00fchzeitiger Abreise werden 100% des Buchungswerts in Zahlung gestellt.<br\/><br\/>Sie m\u00f6chten auf Nummer sicher gehen? Informationen \u00fcber eine Stornoversicherung k\u00f6nnen Sie der Website der <a rel=\"noreferrer noopener\" href=\"https:\/\/www.europaeische.at\/\" target=\"_blank\">europ\u00e4ischen Reiseversicherung<\/a> entnehmen. <\/div><\/div>\n\n\n\n<div style=\"height:40px\" aria-hidden=\"true\" class=\"wp-block-spacer\"><\/div>\n\n\n\n<div class=\"wp-block-buttons is-content-justification-center is-layout-flex wp-container-core-buttons-is-layout-16018d1d wp-block-buttons-is-layout-flex\">\n<div class=\"wp-block-button is-style-fill\"><a class=\"wp-block-button__link has-white-color has-text-color has-background wp-element-button\" href=\"\/?page_id=124\" style=\"border-radius:100px;background:linear-gradient(135deg,rgb(175,214,113) 0%,rgb(75,152,86) 100%)\">schreiben Sie uns an<\/a><\/div>\n<\/div>\n","protected":false},"excerpt":{"rendered":"","protected":false},"author":1,"featured_media":0,"parent":0,"menu_order":0,"comment_status":"closed","ping_status":"closed","template":"","meta":{"footnotes":""},"class_list":["post-405","page","type-page","status-publish","hentry"],"_links":{"self":[{"href":"https:\/\/joergelehof.info\/index.php?rest_route=\/wp\/v2\/pages\/405","targetHints":{"allow":["GET"]}}],"collection":[{"href":"https:\/\/joergelehof.info\/index.php?rest_route=\/wp\/v2\/pages"}],"about":[{"href":"https:\/\/joergelehof.info\/index.php?rest_route=\/wp\/v2\/types\/page"}],"author":[{"embeddable":true,"href":"https:\/\/joergelehof.info\/index.php?rest_route=\/wp\/v2\/users\/1"}],"replies":[{"embeddable":true,"href":"https:\/\/joergelehof.info\/index.php?rest_route=%2Fwp%2Fv2%2Fcomments&post=405"}],"version-history":[{"count":43,"href":"https:\/\/joergelehof.info\/index.php?rest_route=\/wp\/v2\/pages\/405\/revisions"}],"predecessor-version":[{"id":1390,"href":"https:\/\/joergelehof.info\/index.php?rest_route=\/wp\/v2\/pages\/405\/revisions\/1390"}],"wp:attachment":[{"href":"https:\/\/joergelehof.info\/index.php?rest_route=%2Fwp%2Fv2%2Fmedia&parent=405"}],"curies":[{"name":"wp","href":"https:\/\/api.w.org\/{rel}","templated":true}]}}