{"id":91,"date":"2022-03-17T16:32:25","date_gmt":"2022-03-17T15:32:25","guid":{"rendered":"http:\/\/joergelehof.info\/?page_id=91"},"modified":"2024-11-05T09:12:15","modified_gmt":"2024-11-05T08:12:15","slug":"indoor","status":"publish","type":"page","link":"https:\/\/joergelehof.info\/?page_id=91","title":{"rendered":"Alternativen bei schlechtem Wetter"},"content":{"rendered":"\n<div class=\"wp-block-cover alignfull is-light has-parallax\" style=\"background-image:url(https:\/\/joergelehof.info\/wp-content\/uploads\/2022\/04\/20220427_081401-e1651092216514.png);min-height:429px;aspect-ratio:unset;\"><span aria-hidden=\"true\" class=\"wp-block-cover__background has-ast-global-color-1-background-color has-background-dim-10 has-background-dim\"><\/span><div class=\"wp-block-cover__inner-container is-layout-flow wp-block-cover-is-layout-flow\">\n<h1 class=\"has-text-align-center has-white-color has-text-color wp-block-heading\"><\/h1>\n\n\n\n<p><\/p>\n<\/div><\/div>\n\n\n\n<div style=\"height:100px\" aria-hidden=\"true\" class=\"wp-block-spacer\"><\/div>\n\n\n\n<div class=\"wp-block-media-text alignwide is-stacked-on-mobile is-vertically-aligned-center is-image-fill\" style=\"grid-template-columns:33% auto\"><figure class=\"wp-block-media-text__media\" style=\"background-image:url(https:\/\/joergelehof.info\/wp-content\/uploads\/2022\/04\/20220427_082320-scaled-e1651092494120.jpg);background-position:39% 73%\"><img loading=\"lazy\" decoding=\"async\" width=\"832\" height=\"620\" src=\"https:\/\/joergelehof.info\/wp-content\/uploads\/2022\/04\/20220427_082320-scaled-e1651092494120.jpg\" alt=\"\" class=\"wp-image-1191 size-full\"\/><\/figure><div class=\"wp-block-media-text__content\">\n<h2 class=\"wp-block-heading\">Museen<\/h2>\n\n\n\n<p>Im <a href=\"https:\/\/www.bergbaumuseum.it\/de\/ridnaun\/standort-ridnaun-911.html\" target=\"_blank\" rel=\"noreferrer noopener\">Bergbaumuseum<\/a> am Ridnauner Talschluss k\u00f6nnen Sie hautnah miterleben, wie die Erzaufbereitung vor 150 Jahren stattfand. Finden Sie heraus, was es mit der Ridnauner Riesin auf sich hat. <\/p>\n\n\n\n<p>Im <a href=\"http:\/\/wolfsthurn.it\" target=\"_blank\" rel=\"noreferrer noopener\">Schloss Wolfsthurn<\/a> in Mareit befindet sich das Jagd- und Fischereimuseum. Zum Schloss f\u00fchrt ein abwechslungsreicher Themenweg \u00fcber die Lebensr\u00e4ume Wald und Wasser<\/p>\n\n\n\n<p>Erleben Sie nach einem Stadtbummel unsere Knappen-Stadt Sterzing von ihrer kulinarischen Seite. Dort trifft die mediterrane K\u00fcche auf alpine Spezialit\u00e4ten.<\/p>\n<\/div><\/div>\n\n\n\n<div style=\"height:48px\" aria-hidden=\"true\" class=\"wp-block-spacer\"><\/div>\n\n\n\n<div class=\"wp-block-media-text alignwide has-media-on-the-right is-stacked-on-mobile is-vertically-aligned-center is-image-fill\" style=\"grid-template-columns:auto 49%\"><figure class=\"wp-block-media-text__media\" style=\"background-image:url(https:\/\/joergelehof.info\/wp-content\/uploads\/2022\/03\/20200819_212712-1-576x1024.jpg);background-position:35% 76%\"><img loading=\"lazy\" decoding=\"async\" width=\"576\" height=\"1024\" src=\"https:\/\/joergelehof.info\/wp-content\/uploads\/2022\/03\/20200819_212712-1-576x1024.jpg\" alt=\"\" class=\"wp-image-200 size-full\"\/><\/figure><div class=\"wp-block-media-text__content\">\n<h2 class=\"wp-block-heading\">Schwimmen und Wellness<\/h2>\n\n\n\n<p>Wenn es schon regnet, warum nicht noch n\u00e4sser? <\/p>\n\n\n\n<p>Das&nbsp;<a rel=\"noreferrer noopener\" href=\"http:\/\/balneum.bz.it\" target=\"_blank\">Balneum <\/a>in Sterzing lockt, neben dem Schwimmbecken, mit einer tollen Saunalandschaft, die zum Entspannen einl\u00e4dt.<\/p>\n\n\n\n<p>In Brixen, etwa 45 Minuten entfernt, bietet die <a href=\"http:\/\/acquarena.com\/de\/index.html\" target=\"_blank\" rel=\"noreferrer noopener\">Aquarena <\/a>noch mehr Spiel und Spa\u00df. Beide B\u00e4der haben im Sommer auch einen gro\u00dfen Freibadbereich.<\/p>\n<\/div><\/div>\n\n\n\n<hr class=\"wp-block-separator has-css-opacity\"\/>\n\n\n\n<div style=\"height:100px\" aria-hidden=\"true\" class=\"wp-block-spacer\"><\/div>\n\n\n\n<div class=\"wp-block-media-text alignwide is-stacked-on-mobile is-vertically-aligned-center is-image-fill\" style=\"grid-template-columns:49% auto\"><figure class=\"wp-block-media-text__media\" style=\"background-image:url(https:\/\/joergelehof.info\/wp-content\/uploads\/2022\/03\/20220323_234754-576x1024.jpg);background-position:46% 7.000000000000001%\"><img loading=\"lazy\" decoding=\"async\" width=\"576\" height=\"1024\" src=\"https:\/\/joergelehof.info\/wp-content\/uploads\/2022\/03\/20220323_234754-576x1024.jpg\" alt=\"\" class=\"wp-image-670 size-full\" srcset=\"https:\/\/joergelehof.info\/wp-content\/uploads\/2022\/03\/20220323_234754-576x1024.jpg 576w, https:\/\/joergelehof.info\/wp-content\/uploads\/2022\/03\/20220323_234754-169x300.jpg 169w, https:\/\/joergelehof.info\/wp-content\/uploads\/2022\/03\/20220323_234754-768x1365.jpg 768w, https:\/\/joergelehof.info\/wp-content\/uploads\/2022\/03\/20220323_234754-864x1536.jpg 864w, https:\/\/joergelehof.info\/wp-content\/uploads\/2022\/03\/20220323_234754-1152x2048.jpg 1152w, https:\/\/joergelehof.info\/wp-content\/uploads\/2022\/03\/20220323_234754-scaled.jpg 1440w\" sizes=\"auto, (max-width: 576px) 100vw, 576px\" \/><\/figure><div class=\"wp-block-media-text__content\">\n<h2 class=\"wp-block-heading\">Kletterhallen<\/h2>\n\n\n\n<p>In Stange (15min) befindet sich eine kleine Kletterhalle.<\/p>\n\n\n\n<p>Die Kletteranlage <a rel=\"noreferrer noopener\" href=\"http:\/\/vertikale.it\" target=\"_blank\">Verticale<\/a> in Brixen (45min) wurde 2021 erweitert und modernisiert. Unz\u00e4hlige Routen in allen Schwierigkeitsgraden und ein gro\u00dfer Boulderbereich lassen das Kletterherz h\u00f6herschlagen.<\/p>\n<\/div><\/div>\n\n\n\n<div style=\"height:100px\" aria-hidden=\"true\" class=\"wp-block-spacer\"><\/div>\n\n\n\n<div class=\"wp-block-media-text alignwide has-media-on-the-right is-stacked-on-mobile is-vertically-aligned-center is-image-fill\" style=\"grid-template-columns:auto 46%\"><figure class=\"wp-block-media-text__media\" style=\"background-image:url(https:\/\/joergelehof.info\/wp-content\/uploads\/2022\/03\/128_TVratschings_\u00a9KOTTERSTEGER_190818_KOT_5653-1024x627.jpg);background-position:28.000000000000004% 25%\"><img loading=\"lazy\" decoding=\"async\" width=\"1024\" height=\"627\" src=\"https:\/\/joergelehof.info\/wp-content\/uploads\/2022\/03\/128_TVratschings_\u00a9KOTTERSTEGER_190818_KOT_5653-1024x627.jpg\" alt=\"\" class=\"wp-image-669 size-full\"\/><\/figure><div class=\"wp-block-media-text__content\">\n<h2 class=\"wp-block-heading\">Kulinarik<\/h2>\n\n\n\n<p>Die <a rel=\"noreferrer noopener\" href=\"https:\/\/www.knappenstube.com\/\" target=\"_blank\">Knappenstube <\/a>(20 Gehminuten) stellt das kulinarische Highlight in Ridnaun dar. Informieren Sie sich \u00fcber die Aktionswochen und Specials der Knappenstube.<\/p>\n\n\n\n<p>Wenn es einmal schnell gehen soll, k\u00f6nnen wir die <a rel=\"noreferrer noopener\" href=\"http:\/\/schneeberg.it\/infos-service\/menue\/\" target=\"_blank\">Pizzeria<\/a> des Hotels Schneeberg empfehlen (5 Gehminuten). Zum Abholen oder vor Ort genie\u00dfen.<\/p>\n\n\n\n<p><\/p>\n<\/div><\/div>\n\n\n\n<div style=\"height:100px\" aria-hidden=\"true\" class=\"wp-block-spacer\"><\/div>\n\n\n\n<div class=\"wp-block-cover alignfull is-light has-parallax\" style=\"background-image:url(https:\/\/joergelehof.info\/wp-content\/uploads\/2022\/04\/20220427_081401-e1651092216514.png);min-height:277px;aspect-ratio:unset;\"><span aria-hidden=\"true\" class=\"wp-block-cover__background has-ast-global-color-1-background-color has-background-dim-10 has-background-dim\"><\/span><div class=\"wp-block-cover__inner-container is-layout-flow wp-block-cover-is-layout-flow\">\n<h1 class=\"has-text-align-center has-white-color has-text-color wp-block-heading\"><\/h1>\n\n\n\n<p><\/p>\n<\/div><\/div>\n\n\n\n<div style=\"height:40px\" aria-hidden=\"true\" class=\"wp-block-spacer\"><\/div>\n\n\n\n<div class=\"wp-block-buttons is-content-justification-center is-layout-flex wp-container-core-buttons-is-layout-16018d1d wp-block-buttons-is-layout-flex\">\n<div class=\"wp-block-button is-style-fill\"><a class=\"wp-block-button__link has-black-color has-electric-grass-gradient-background has-text-color has-background\">Aktivit\u00e4ten im Sommer<\/a><\/div>\n\n\n\n<div class=\"wp-block-button is-style-fill\"><a class=\"wp-block-button__link has-black-color has-electric-grass-gradient-background has-text-color has-background\" href=\"\/?page_id=89\">Aktivit\u00e4ten im Winter<\/a><\/div>\n<\/div>\n\n\n\n<p><\/p>\n","protected":false},"excerpt":{"rendered":"<p>Museen Im Bergbaumuseum am Ridnauner Talschluss k\u00f6nnen Sie hautnah miterleben, wie die Erzaufbereitung vor 150 Jahren stattfand. Finden Sie heraus, was es mit der Ridnauner [&hellip;]<\/p>\n","protected":false},"author":1,"featured_media":0,"parent":0,"menu_order":0,"comment_status":"closed","ping_status":"closed","template":"","meta":{"footnotes":""},"class_list":["post-91","page","type-page","status-publish","hentry"],"_links":{"self":[{"href":"https:\/\/joergelehof.info\/index.php?rest_route=\/wp\/v2\/pages\/91","targetHints":{"allow":["GET"]}}],"collection":[{"href":"https:\/\/joergelehof.info\/index.php?rest_route=\/wp\/v2\/pages"}],"about":[{"href":"https:\/\/joergelehof.info\/index.php?rest_route=\/wp\/v2\/types\/page"}],"author":[{"embeddable":true,"href":"https:\/\/joergelehof.info\/index.php?rest_route=\/wp\/v2\/users\/1"}],"replies":[{"embeddable":true,"href":"https:\/\/joergelehof.info\/index.php?rest_route=%2Fwp%2Fv2%2Fcomments&post=91"}],"version-history":[{"count":37,"href":"https:\/\/joergelehof.info\/index.php?rest_route=\/wp\/v2\/pages\/91\/revisions"}],"predecessor-version":[{"id":1384,"href":"https:\/\/joergelehof.info\/index.php?rest_route=\/wp\/v2\/pages\/91\/revisions\/1384"}],"wp:attachment":[{"href":"https:\/\/joergelehof.info\/index.php?rest_route=%2Fwp%2Fv2%2Fmedia&parent=91"}],"curies":[{"name":"wp","href":"https:\/\/api.w.org\/{rel}","templated":true}]}}